{"id":344,"date":"2025-12-01T22:06:38","date_gmt":"2025-12-01T22:06:38","guid":{"rendered":"https:\/\/new.parafiajablonna.info\/?page_id=344"},"modified":"2026-04-14T19:09:38","modified_gmt":"2026-04-14T19:09:38","slug":"wspolnoty","status":"publish","type":"page","link":"https:\/\/new.parafiajablonna.info\/?page_id=344","title":{"rendered":"Wsp\u00f3lnoty"},"content":{"rendered":"\t\t<div data-elementor-type=\"wp-page\" data-elementor-id=\"344\" class=\"elementor elementor-344\">\n\t\t\t\t<div class=\"elementor-element elementor-element-8954954 e-flex e-con-boxed e-con e-parent\" data-id=\"8954954\" data-element_type=\"container\" data-e-type=\"container\">\n\t\t\t\t\t<div class=\"e-con-inner\">\n\t\t<div class=\"elementor-element elementor-element-8f0515b e-con-full e-flex e-con e-child\" data-id=\"8f0515b\" data-element_type=\"container\" data-e-type=\"container\">\n\t\t\t\t<div class=\"elementor-element elementor-element-592dbfb elementor-position-top elementor-widget elementor-widget-image-box\" data-id=\"592dbfb\" data-element_type=\"widget\" data-e-type=\"widget\" data-settings=\"{&quot;_animation&quot;:&quot;none&quot;}\" data-widget_type=\"image-box.default\">\n\t\t\t\t\t<div class=\"elementor-image-box-wrapper\"><figure class=\"elementor-image-box-img\"><img fetchpriority=\"high\" decoding=\"async\" width=\"747\" height=\"684\" src=\"https:\/\/new.parafiajablonna.info\/wp-content\/uploads\/2026\/04\/matka-pana.png\" class=\"attachment-full size-full wp-image-483\" alt=\"\" srcset=\"https:\/\/new.parafiajablonna.info\/wp-content\/uploads\/2026\/04\/matka-pana.png 747w, https:\/\/new.parafiajablonna.info\/wp-content\/uploads\/2026\/04\/matka-pana-360x330.png 360w, https:\/\/new.parafiajablonna.info\/wp-content\/uploads\/2026\/04\/matka-pana-721x660.png 721w\" sizes=\"(max-width: 747px) 100vw, 747px\" \/><\/figure><div class=\"elementor-image-box-content\"><h3 class=\"elementor-image-box-title\">Matka Pana<\/h3><\/div><\/div>\t\t\t\t<\/div>\n\t\t\t\t<\/div>\n\t\t<div class=\"elementor-element elementor-element-d42ec30 e-con-full e-flex e-con e-child\" data-id=\"d42ec30\" data-element_type=\"container\" data-e-type=\"container\">\n\t\t\t\t<div class=\"elementor-element elementor-element-857f173 elementor-position-top elementor-widget elementor-widget-image-box\" data-id=\"857f173\" data-element_type=\"widget\" data-e-type=\"widget\" data-widget_type=\"image-box.default\">\n\t\t\t\t\t<div class=\"elementor-image-box-wrapper\"><figure class=\"elementor-image-box-img\"><img decoding=\"async\" width=\"747\" height=\"684\" src=\"https:\/\/new.parafiajablonna.info\/wp-content\/uploads\/2026\/04\/wspolnota-o-pio.png\" class=\"attachment-full size-full wp-image-496\" alt=\"\" srcset=\"https:\/\/new.parafiajablonna.info\/wp-content\/uploads\/2026\/04\/wspolnota-o-pio.png 747w, https:\/\/new.parafiajablonna.info\/wp-content\/uploads\/2026\/04\/wspolnota-o-pio-360x330.png 360w, https:\/\/new.parafiajablonna.info\/wp-content\/uploads\/2026\/04\/wspolnota-o-pio-721x660.png 721w\" sizes=\"(max-width: 747px) 100vw, 747px\" \/><\/figure><div class=\"elementor-image-box-content\"><h3 class=\"elementor-image-box-title\">Grupa modlitewna \u015bw. O. Pio<\/h3><\/div><\/div>\t\t\t\t<\/div>\n\t\t\t\t<\/div>\n\t\t<div class=\"elementor-element elementor-element-4b3ef93 e-con-full e-flex e-con e-child\" data-id=\"4b3ef93\" data-element_type=\"container\" data-e-type=\"container\">\n\t\t\t\t<div class=\"elementor-element elementor-element-0bc4ddc elementor-position-top elementor-widget elementor-widget-image-box\" data-id=\"0bc4ddc\" data-element_type=\"widget\" data-e-type=\"widget\" data-widget_type=\"image-box.default\">\n\t\t\t\t\t<div class=\"elementor-image-box-wrapper\"><figure class=\"elementor-image-box-img\"><img decoding=\"async\" width=\"747\" height=\"684\" src=\"https:\/\/new.parafiajablonna.info\/wp-content\/uploads\/2026\/04\/zakon-jp2-logo.png\" class=\"attachment-full size-full wp-image-479\" alt=\"\" srcset=\"https:\/\/new.parafiajablonna.info\/wp-content\/uploads\/2026\/04\/zakon-jp2-logo.png 747w, https:\/\/new.parafiajablonna.info\/wp-content\/uploads\/2026\/04\/zakon-jp2-logo-360x330.png 360w, https:\/\/new.parafiajablonna.info\/wp-content\/uploads\/2026\/04\/zakon-jp2-logo-721x660.png 721w\" sizes=\"(max-width: 747px) 100vw, 747px\" \/><\/figure><div class=\"elementor-image-box-content\"><h3 class=\"elementor-image-box-title\">Zakon \u015bw. Jana Paw\u0142a II<\/h3><\/div><\/div>\t\t\t\t<\/div>\n\t\t\t\t<\/div>\n\t\t<div class=\"elementor-element elementor-element-f72a5f7 e-con-full e-flex e-con e-child\" data-id=\"f72a5f7\" data-element_type=\"container\" data-e-type=\"container\">\n\t\t\t\t<div class=\"elementor-element elementor-element-7c98bf9 elementor-position-top elementor-widget elementor-widget-image-box\" data-id=\"7c98bf9\" data-element_type=\"widget\" data-e-type=\"widget\" data-widget_type=\"image-box.default\">\n\t\t\t\t\t<div class=\"elementor-image-box-wrapper\"><figure class=\"elementor-image-box-img\"><img loading=\"lazy\" decoding=\"async\" width=\"747\" height=\"684\" src=\"https:\/\/new.parafiajablonna.info\/wp-content\/uploads\/2026\/04\/wspolnota-krwi-chrystusa.png\" class=\"attachment-full size-full wp-image-492\" alt=\"\" srcset=\"https:\/\/new.parafiajablonna.info\/wp-content\/uploads\/2026\/04\/wspolnota-krwi-chrystusa.png 747w, https:\/\/new.parafiajablonna.info\/wp-content\/uploads\/2026\/04\/wspolnota-krwi-chrystusa-360x330.png 360w, https:\/\/new.parafiajablonna.info\/wp-content\/uploads\/2026\/04\/wspolnota-krwi-chrystusa-721x660.png 721w\" sizes=\"(max-width: 747px) 100vw, 747px\" \/><\/figure><div class=\"elementor-image-box-content\"><h3 class=\"elementor-image-box-title\">Wsp\u00f3lnota Krwi Chrystusa<\/h3><\/div><\/div>\t\t\t\t<\/div>\n\t\t\t\t<\/div>\n\t\t<div class=\"elementor-element elementor-element-345ee98 e-con-full e-flex e-con e-child\" data-id=\"345ee98\" data-element_type=\"container\" data-e-type=\"container\">\n\t\t\t\t<div class=\"elementor-element elementor-element-507c0fc elementor-position-top elementor-widget elementor-widget-image-box\" data-id=\"507c0fc\" data-element_type=\"widget\" data-e-type=\"widget\" data-widget_type=\"image-box.default\">\n\t\t\t\t\t<div class=\"elementor-image-box-wrapper\"><figure class=\"elementor-image-box-img\"><img loading=\"lazy\" decoding=\"async\" width=\"301\" height=\"307\" src=\"https:\/\/new.parafiajablonna.info\/wp-content\/uploads\/2026\/04\/odnowa.png\" class=\"attachment-full size-full wp-image-503\" alt=\"\" \/><\/figure><div class=\"elementor-image-box-content\"><h3 class=\"elementor-image-box-title\">Odnowa w Duchu \u015awi\u0119tym<\/h3><\/div><\/div>\t\t\t\t<\/div>\n\t\t\t\t<\/div>\n\t\t<div class=\"elementor-element elementor-element-7db2a15 e-con-full e-flex e-con e-child\" data-id=\"7db2a15\" data-element_type=\"container\" data-e-type=\"container\">\n\t\t\t\t<div class=\"elementor-element elementor-element-22ae384 elementor-position-top elementor-widget elementor-widget-image-box\" data-id=\"22ae384\" data-element_type=\"widget\" data-e-type=\"widget\" data-widget_type=\"image-box.default\">\n\t\t\t\t\t<div class=\"elementor-image-box-wrapper\"><figure class=\"elementor-image-box-img\"><img loading=\"lazy\" decoding=\"async\" width=\"493\" height=\"506\" src=\"https:\/\/new.parafiajablonna.info\/wp-content\/uploads\/2026\/04\/zywy-rozaniec.png\" class=\"attachment-full size-full wp-image-507\" alt=\"\" srcset=\"https:\/\/new.parafiajablonna.info\/wp-content\/uploads\/2026\/04\/zywy-rozaniec.png 493w, https:\/\/new.parafiajablonna.info\/wp-content\/uploads\/2026\/04\/zywy-rozaniec-322x330.png 322w\" sizes=\"(max-width: 493px) 100vw, 493px\" \/><\/figure><div class=\"elementor-image-box-content\"><h3 class=\"elementor-image-box-title\">\u017bywy r\u00f3\u017caniec<\/h3><\/div><\/div>\t\t\t\t<\/div>\n\t\t\t\t<\/div>\n\t\t\t\t\t<\/div>\n\t\t\t\t<\/div>\n\t\t\t\t<\/div>\n\t\t","protected":false},"excerpt":{"rendered":"<p>Matka Pana Grupa modlitewna \u015bw. O. Pio Zakon \u015bw. Jana Paw\u0142a II Wsp\u00f3lnota Krwi Chrystusa Odnowa w Duchu \u015awi\u0119tym \u017bywy [&hellip;]<\/p>\n","protected":false},"author":1,"featured_media":0,"parent":0,"menu_order":0,"comment_status":"closed","ping_status":"closed","template":"","meta":{"_acf_changed":false,"site-sidebar-layout":"default","site-content-layout":"","ast-site-content-layout":"default","site-content-style":"default","site-sidebar-style":"default","ast-global-header-display":"","ast-banner-title-visibility":"","ast-main-header-display":"","ast-hfb-above-header-display":"","ast-hfb-below-header-display":"","ast-hfb-mobile-header-display":"","site-post-title":"","ast-breadcrumbs-content":"","ast-featured-img":"disabled","footer-sml-layout":"","ast-disable-related-posts":"","theme-transparent-header-meta":"","adv-header-id-meta":"","stick-header-meta":"","header-above-stick-meta":"","header-main-stick-meta":"","header-below-stick-meta":"","astra-migrate-meta-layouts":"default","ast-page-background-enabled":"default","ast-page-background-meta":{"desktop":{"background-color":"var(--ast-global-color-5)","background-image":"","background-repeat":"repeat","background-position":"center center","background-size":"auto","background-attachment":"scroll","background-type":"","background-media":"","overlay-type":"","overlay-color":"","overlay-opacity":"","overlay-gradient":""},"tablet":{"background-color":"","background-image":"","background-repeat":"repeat","background-position":"center center","background-size":"auto","background-attachment":"scroll","background-type":"","background-media":"","overlay-type":"","overlay-color":"","overlay-opacity":"","overlay-gradient":""},"mobile":{"background-color":"","background-image":"","background-repeat":"repeat","background-position":"center center","background-size":"auto","background-attachment":"scroll","background-type":"","background-media":"","overlay-type":"","overlay-color":"","overlay-opacity":"","overlay-gradient":""}},"ast-content-background-meta":{"desktop":{"background-color":"var(--ast-global-color-4)","background-image":"","background-repeat":"repeat","background-position":"center center","background-size":"auto","background-attachment":"scroll","background-type":"","background-media":"","overlay-type":"","overlay-color":"","overlay-opacity":"","overlay-gradient":""},"tablet":{"background-color":"var(--ast-global-color-4)","background-image":"","background-repeat":"repeat","background-position":"center center","background-size":"auto","background-attachment":"scroll","background-type":"","background-media":"","overlay-type":"","overlay-color":"","overlay-opacity":"","overlay-gradient":""},"mobile":{"background-color":"var(--ast-global-color-4)","background-image":"","background-repeat":"repeat","background-position":"center center","background-size":"auto","background-attachment":"scroll","background-type":"","background-media":"","overlay-type":"","overlay-color":"","overlay-opacity":"","overlay-gradient":""}},"footnotes":""},"class_list":["post-344","page","type-page","status-publish","hentry"],"acf":[],"_links":{"self":[{"href":"https:\/\/new.parafiajablonna.info\/index.php?rest_route=\/wp\/v2\/pages\/344","targetHints":{"allow":["GET"]}}],"collection":[{"href":"https:\/\/new.parafiajablonna.info\/index.php?rest_route=\/wp\/v2\/pages"}],"about":[{"href":"https:\/\/new.parafiajablonna.info\/index.php?rest_route=\/wp\/v2\/types\/page"}],"author":[{"embeddable":true,"href":"https:\/\/new.parafiajablonna.info\/index.php?rest_route=\/wp\/v2\/users\/1"}],"replies":[{"embeddable":true,"href":"https:\/\/new.parafiajablonna.info\/index.php?rest_route=%2Fwp%2Fv2%2Fcomments&post=344"}],"version-history":[{"count":49,"href":"https:\/\/new.parafiajablonna.info\/index.php?rest_route=\/wp\/v2\/pages\/344\/revisions"}],"predecessor-version":[{"id":510,"href":"https:\/\/new.parafiajablonna.info\/index.php?rest_route=\/wp\/v2\/pages\/344\/revisions\/510"}],"wp:attachment":[{"href":"https:\/\/new.parafiajablonna.info\/index.php?rest_route=%2Fwp%2Fv2%2Fmedia&parent=344"}],"curies":[{"name":"wp","href":"https:\/\/api.w.org\/{rel}","templated":true}]}}