{"id":348,"date":"2025-12-01T22:06:38","date_gmt":"2025-12-01T22:06:38","guid":{"rendered":"https:\/\/new.parafiajablonna.info\/?page_id=348"},"modified":"2025-12-15T21:56:05","modified_gmt":"2025-12-15T21:56:05","slug":"chrzest-swiety","status":"publish","type":"page","link":"https:\/\/new.parafiajablonna.info\/?page_id=348","title":{"rendered":"Chrzest \u015bwi\u0119ty"},"content":{"rendered":"\n<p style=\"line-height:1.5\"><strong>Aby chrzest m\u00f3g\u0142 si\u0119 odby\u0107, potrzebne s\u0105 nast\u0119puj\u0105ce dokumenty i dane<\/strong>:<\/p>\n\n\n\n<ol class=\"wp-block-list\">\n<li><strong>Aktu urodzenia dziecka pobranego z Urz\u0119du Stanu Cywilnego<\/strong><\/li>\n\n\n\n<li><strong>Danych rodzic\u00f3w dziecka<\/strong>\n<ul class=\"wp-block-list\">\n<li>imi\u0119 i nazwisko<\/li>\n\n\n\n<li>data urodzenia<\/li>\n\n\n\n<li>miejsce urodzenia<\/li>\n\n\n\n<li>adres zamieszkania<\/li>\n\n\n\n<li>data \u015blubu (<em>je\u017celi zosta\u0142 zawarty<\/em>)<\/li>\n\n\n\n<li>parafia \u015blubu (<em>je\u017celi zosta\u0142 zawarty<\/em>)<\/li>\n<\/ul>\n<\/li>\n\n\n\n<li><strong>Danych rodzic\u00f3w chrzestnych<\/strong>\n<ul class=\"wp-block-list\">\n<li>imi\u0119 i nazwisko<\/li>\n\n\n\n<li>data urodzenia<\/li>\n\n\n\n<li>miejsce urodzenia<\/li>\n\n\n\n<li>adres zamieszkania<\/li>\n<\/ul>\n<\/li>\n\n\n\n<li><strong>\u015awiadectwa rodzic\u00f3w chrzestnych<\/strong>\n<ul class=\"wp-block-list\">\n<li>Prosimy, aby te \u015bwiadectwa dostarczy\u0107 jak najszybciej, ale najp\u00f3\u017aniej w dniu chrztu.<\/li>\n\n\n\n<li>\u015awiadectwo chrzestni mog\u0105 otrzyma\u0107 w parafii, na terenie kt\u00f3rej faktycznie mieszkaj\u0105.<\/li>\n<\/ul>\n<\/li>\n<\/ol>\n\n\n\n<p><strong>Z tymi dokumentami zapraszamy do naszej kancelarii parafialnej w celu um\u00f3wienia terminu chrztu.<\/strong><\/p>\n\n\n\n<p>Tradycyjnie chrzty w naszej parafii odbywaj\u0105 si\u0119 w\u00a0<strong>drug\u0105 i czwart\u0105 niedziel\u0119<\/strong>\u00a0ka\u017cdego miesi\u0105ca podczas mszy \u015bw. o godzinie 13:00. W wyj\u0105tkowych sytuacjach, lub na specjaln\u0105 pro\u015bb\u0119 mo\u017cemy zorganizowa\u0107 chrzest w innym terminie.<\/p>\n","protected":false},"excerpt":{"rendered":"<p>Aby chrzest m\u00f3g\u0142 si\u0119 odby\u0107, potrzebne s\u0105 nast\u0119puj\u0105ce dokumenty i dane: Z tymi dokumentami zapraszamy do naszej kancelarii parafialnej w [&hellip;]<\/p>\n","protected":false},"author":1,"featured_media":0,"parent":0,"menu_order":0,"comment_status":"closed","ping_status":"closed","template":"","meta":{"_acf_changed":false,"site-sidebar-layout":"default","site-content-layout":"","ast-site-content-layout":"default","site-content-style":"default","site-sidebar-style":"default","ast-global-header-display":"","ast-banner-title-visibility":"","ast-main-header-display":"","ast-hfb-above-header-display":"","ast-hfb-below-header-display":"","ast-hfb-mobile-header-display":"","site-post-title":"","ast-breadcrumbs-content":"","ast-featured-img":"","footer-sml-layout":"","ast-disable-related-posts":"","theme-transparent-header-meta":"","adv-header-id-meta":"","stick-header-meta":"","header-above-stick-meta":"","header-main-stick-meta":"","header-below-stick-meta":"","astra-migrate-meta-layouts":"default","ast-page-background-enabled":"default","ast-page-background-meta":{"desktop":{"background-color":"var(--ast-global-color-5)","background-image":"","background-repeat":"repeat","background-position":"center center","background-size":"auto","background-attachment":"scroll","background-type":"","background-media":"","overlay-type":"","overlay-color":"","overlay-opacity":"","overlay-gradient":""},"tablet":{"background-color":"","background-image":"","background-repeat":"repeat","background-position":"center center","background-size":"auto","background-attachment":"scroll","background-type":"","background-media":"","overlay-type":"","overlay-color":"","overlay-opacity":"","overlay-gradient":""},"mobile":{"background-color":"","background-image":"","background-repeat":"repeat","background-position":"center center","background-size":"auto","background-attachment":"scroll","background-type":"","background-media":"","overlay-type":"","overlay-color":"","overlay-opacity":"","overlay-gradient":""}},"ast-content-background-meta":{"desktop":{"background-color":"var(--ast-global-color-4)","background-image":"","background-repeat":"repeat","background-position":"center center","background-size":"auto","background-attachment":"scroll","background-type":"","background-media":"","overlay-type":"","overlay-color":"","overlay-opacity":"","overlay-gradient":""},"tablet":{"background-color":"var(--ast-global-color-4)","background-image":"","background-repeat":"repeat","background-position":"center center","background-size":"auto","background-attachment":"scroll","background-type":"","background-media":"","overlay-type":"","overlay-color":"","overlay-opacity":"","overlay-gradient":""},"mobile":{"background-color":"var(--ast-global-color-4)","background-image":"","background-repeat":"repeat","background-position":"center center","background-size":"auto","background-attachment":"scroll","background-type":"","background-media":"","overlay-type":"","overlay-color":"","overlay-opacity":"","overlay-gradient":""}},"footnotes":""},"class_list":["post-348","page","type-page","status-publish","hentry"],"acf":[],"_links":{"self":[{"href":"https:\/\/new.parafiajablonna.info\/index.php?rest_route=\/wp\/v2\/pages\/348","targetHints":{"allow":["GET"]}}],"collection":[{"href":"https:\/\/new.parafiajablonna.info\/index.php?rest_route=\/wp\/v2\/pages"}],"about":[{"href":"https:\/\/new.parafiajablonna.info\/index.php?rest_route=\/wp\/v2\/types\/page"}],"author":[{"embeddable":true,"href":"https:\/\/new.parafiajablonna.info\/index.php?rest_route=\/wp\/v2\/users\/1"}],"replies":[{"embeddable":true,"href":"https:\/\/new.parafiajablonna.info\/index.php?rest_route=%2Fwp%2Fv2%2Fcomments&post=348"}],"version-history":[{"count":11,"href":"https:\/\/new.parafiajablonna.info\/index.php?rest_route=\/wp\/v2\/pages\/348\/revisions"}],"predecessor-version":[{"id":416,"href":"https:\/\/new.parafiajablonna.info\/index.php?rest_route=\/wp\/v2\/pages\/348\/revisions\/416"}],"wp:attachment":[{"href":"https:\/\/new.parafiajablonna.info\/index.php?rest_route=%2Fwp%2Fv2%2Fmedia&parent=348"}],"curies":[{"name":"wp","href":"https:\/\/api.w.org\/{rel}","templated":true}]}}