{"id":350,"date":"2025-12-01T22:06:38","date_gmt":"2025-12-01T22:06:38","guid":{"rendered":"https:\/\/new.parafiajablonna.info\/?page_id=350"},"modified":"2025-12-15T21:43:37","modified_gmt":"2025-12-15T21:43:37","slug":"malzenstwo","status":"publish","type":"page","link":"https:\/\/new.parafiajablonna.info\/?page_id=350","title":{"rendered":"Ma\u0142\u017ce\u0144stwo"},"content":{"rendered":"\n<h4 class=\"wp-block-heading\">Informacje dla narzeczonych<\/h4>\n\n\n\n<ol class=\"wp-block-list\">\n<li>Formalno\u015bci przed\u015blubne nale\u017cy za\u0142atwia\u0107 w parafii narzeczonej, b\u0105d\u017a narzeczonego,\u00a0najwcze\u015bniej\u00a06 miesi\u0119cy przed \u015blubem. Termin \u015blubu mo\u017cna ustali\u0107 du\u017co wcze\u015bniej.<\/li>\n\n\n\n<li>O przynale\u017cno\u015bci do konkretnej parafii decyduje wy\u0142\u0105cznie fakt fizycznego zamieszkania (a nie zameldowania).<\/li>\n\n\n\n<li>\u015alub mo\u017ce by\u0107 zawierany w dowolnym ko\u015bciele (wpierw nale\u017cy uzyska\u0107 tam zgod\u0119); je\u017celi nie w tym, w kt\u00f3rym za\u0142atwia si\u0119 formalno\u015bci przed\u015blubne, do ko\u015bcio\u0142a \u015blubu zostanie wystawiona licencja. W wyj\u0105tkowych sytuacjach, kiedy \u015blub zawiera si\u0119 w pi\u0105tek nale\u017cy uzyska\u0107 pisemn\u0105 zgod\u0119 Kurii.<\/li>\n\n\n\n<li>Zawieraj\u0105cy sakramentalny zwi\u0105zek ma\u0142\u017ce\u0144ski w Ko\u015bciele Katolickim s\u0105 zobowi\u0105zani:\n<ul class=\"wp-block-list\">\n<li>do uzyskania dla niego skutk\u00f3w cywilnych (tzw. \u015blub konkordatowy) przedstawiaj\u0105c odpowiedni dokument z USC*;<\/li>\n\n\n\n<li>albo do wcze\u015bniejszego zawarcia kontraktu cywilnego przedstawiaj\u0105c akt \u015blubu z USC.<\/li>\n<\/ul>\n<\/li>\n\n\n\n<li>Obydwoje narzeczeni przedstawiaj\u0105:\n<ul class=\"wp-block-list\">\n<li>aktualne \u015bwiadectwo chrztu \u015awi\u0119tego, tj. nie starsze, ni\u017c 3 miesi\u0105ce z adnotacj\u0105: \u201edo \u015blubu ko\u015bcielnego\u201d.<\/li>\n\n\n\n<li>\u015bwiadectwo bierzmowania (je\u017cli na \u015bwiadectwie chrztu jest odnotowane, to wystarcza).<\/li>\n\n\n\n<li>dokument po\u015bwiadczaj\u0105cy uko\u0144czenie kursu przedma\u0142\u017ce\u0144skiego lub co najmniej aktualne uczestniczenie w kursie przedma\u0142\u017ce\u0144skim.<\/li>\n\n\n\n<li>dokument po\u015bwiadczaj\u0105cy odbyte spotkania w poradni rodzinnej<\/li>\n\n\n\n<li>dokument z USC (patrz punkt 4.)<\/li>\n\n\n\n<li>dowody osobiste (do wgl\u0105du)<\/li>\n<\/ul>\n<\/li>\n\n\n\n<li>Na podstawie tych dokument\u00f3w zostanie spisany protok\u00f3\u0142 przed\u015blubny oraz zapowiedzi.<\/li>\n\n\n\n<li>Po spisaniu protoko\u0142u przed\u015blubnego, nale\u017cy w najbli\u017cszym czasie przyst\u0105pi\u0107 do spowiedzi. Przy konfesjonale na pocz\u0105tku spowiedzi nale\u017cy powiedzie\u0107, \u017ce jest to spowied\u017a przed\u015blubna<\/li>\n\n\n\n<li>Po wyg\u0142oszeniu zapowiedzi nale\u017cy dostarczy\u0107 do naszej kancelarii za\u015bwiadczenie o tym fakcie.<\/li>\n\n\n\n<li>W tygodniu poprzedzaj\u0105cym \u015blub, narzeczeni w kancelarii parafialnej spisuj\u0105 akt \u015blubu (nale\u017cy zna\u0107 dane \u015bwiadk\u00f3w tj. imiona, nazwiska, wiek, adres). \u015awiadkiem mo\u017ce by\u0107 osoba pe\u0142noletnia i maj\u0105ca zdolno\u015bci podejmowania czynno\u015bci prawnych.<\/li>\n\n\n\n<li>Na dzie\u0144 lub dwa przed \u015blubem nale\u017cy przyst\u0105pi\u0107 do spowiedzi<\/li>\n\n\n\n<li>W dniu \u015blubu:\n<ul class=\"wp-block-list\">\n<li>\u015bwiadkowie dostarczaj\u0105 do zakrystii obr\u0105czki i kartki od spowiedzi (15 minut przed \u015blubem)<\/li>\n\n\n\n<li>po ceremonii zar\u00f3wno m\u0142odzi jak i \u015bwiadkowie z\u0142o\u017c\u0105 podpisy w ksi\u0119gach<\/li>\n<\/ul>\n<\/li>\n\n\n\n<li>W przypadku tzw. \u015blubu konkordatowego (patrz punkt 4.) ksi\u0105dz przeka\u017ce nowo\u017ce\u0144com \u201eZa\u015bwiadczenie o zawarciu ma\u0142\u017ce\u0144stwa\u201d. W ci\u0105gu pi\u0119ciu dni od zawarcia ma\u0142\u017ce\u0144stwa zostanie o tym powiadomiony Urz\u0105d Stanu Cywilnego w Jab\u0142onnie. Tam te\u017c nale\u017cy odebra\u0107 Akt \u015blubu (wypis z ksi\u0105g cywilnych) do za\u0142atwiania jakichkolwiek spraw cywilnych.<\/li>\n\n\n\n<li>Natomiast, w celu za\u0142atwienia jakichkolwiek spraw ko\u015bcielnych, wypis o zawarciu ma\u0142\u017ce\u0144stwa nale\u017cy odebra\u0107 w kancelarii parafialnej.<\/li>\n\n\n\n<li>Zasad\u0105 jest, i\u017c sakrament ma\u0142\u017ce\u0144stwa przyjmuje si\u0119 w parafii narzeczonego lub narzeczonej. Gdyby jednak zaistnia\u0142y jakie\u015b warunki wskazuj\u0105ce na potrzeb\u0119 zawarcia ma\u0142\u017ce\u0144stwa poza w\u0142asn\u0105 parafi\u0105 nale\u017cy uzyska\u0107 licencj\u0119 na \u015blub w innym ko\u015bciele.<\/li>\n<\/ol>\n\n\n\n<p>* \u201eZa\u015bwiadczenie o braku okoliczno\u015bci wy\u0142\u0105czaj\u0105cych zawarcie ma\u0142\u017ce\u0144stwa\u201d<\/p>\n","protected":false},"excerpt":{"rendered":"<p>Informacje dla narzeczonych * \u201eZa\u015bwiadczenie o braku okoliczno\u015bci wy\u0142\u0105czaj\u0105cych zawarcie ma\u0142\u017ce\u0144stwa\u201d<\/p>\n","protected":false},"author":1,"featured_media":0,"parent":0,"menu_order":0,"comment_status":"closed","ping_status":"closed","template":"","meta":{"_acf_changed":false,"site-sidebar-layout":"default","site-content-layout":"","ast-site-content-layout":"default","site-content-style":"default","site-sidebar-style":"default","ast-global-header-display":"","ast-banner-title-visibility":"","ast-main-header-display":"","ast-hfb-above-header-display":"","ast-hfb-below-header-display":"","ast-hfb-mobile-header-display":"","site-post-title":"","ast-breadcrumbs-content":"","ast-featured-img":"","footer-sml-layout":"","ast-disable-related-posts":"","theme-transparent-header-meta":"","adv-header-id-meta":"","stick-header-meta":"","header-above-stick-meta":"","header-main-stick-meta":"","header-below-stick-meta":"","astra-migrate-meta-layouts":"default","ast-page-background-enabled":"default","ast-page-background-meta":{"desktop":{"background-color":"var(--ast-global-color-5)","background-image":"","background-repeat":"repeat","background-position":"center center","background-size":"auto","background-attachment":"scroll","background-type":"","background-media":"","overlay-type":"","overlay-color":"","overlay-opacity":"","overlay-gradient":""},"tablet":{"background-color":"","background-image":"","background-repeat":"repeat","background-position":"center center","background-size":"auto","background-attachment":"scroll","background-type":"","background-media":"","overlay-type":"","overlay-color":"","overlay-opacity":"","overlay-gradient":""},"mobile":{"background-color":"","background-image":"","background-repeat":"repeat","background-position":"center center","background-size":"auto","background-attachment":"scroll","background-type":"","background-media":"","overlay-type":"","overlay-color":"","overlay-opacity":"","overlay-gradient":""}},"ast-content-background-meta":{"desktop":{"background-color":"var(--ast-global-color-4)","background-image":"","background-repeat":"repeat","background-position":"center center","background-size":"auto","background-attachment":"scroll","background-type":"","background-media":"","overlay-type":"","overlay-color":"","overlay-opacity":"","overlay-gradient":""},"tablet":{"background-color":"var(--ast-global-color-4)","background-image":"","background-repeat":"repeat","background-position":"center center","background-size":"auto","background-attachment":"scroll","background-type":"","background-media":"","overlay-type":"","overlay-color":"","overlay-opacity":"","overlay-gradient":""},"mobile":{"background-color":"var(--ast-global-color-4)","background-image":"","background-repeat":"repeat","background-position":"center center","background-size":"auto","background-attachment":"scroll","background-type":"","background-media":"","overlay-type":"","overlay-color":"","overlay-opacity":"","overlay-gradient":""}},"footnotes":""},"class_list":["post-350","page","type-page","status-publish","hentry"],"acf":[],"_links":{"self":[{"href":"https:\/\/new.parafiajablonna.info\/index.php?rest_route=\/wp\/v2\/pages\/350","targetHints":{"allow":["GET"]}}],"collection":[{"href":"https:\/\/new.parafiajablonna.info\/index.php?rest_route=\/wp\/v2\/pages"}],"about":[{"href":"https:\/\/new.parafiajablonna.info\/index.php?rest_route=\/wp\/v2\/types\/page"}],"author":[{"embeddable":true,"href":"https:\/\/new.parafiajablonna.info\/index.php?rest_route=\/wp\/v2\/users\/1"}],"replies":[{"embeddable":true,"href":"https:\/\/new.parafiajablonna.info\/index.php?rest_route=%2Fwp%2Fv2%2Fcomments&post=350"}],"version-history":[{"count":4,"href":"https:\/\/new.parafiajablonna.info\/index.php?rest_route=\/wp\/v2\/pages\/350\/revisions"}],"predecessor-version":[{"id":405,"href":"https:\/\/new.parafiajablonna.info\/index.php?rest_route=\/wp\/v2\/pages\/350\/revisions\/405"}],"wp:attachment":[{"href":"https:\/\/new.parafiajablonna.info\/index.php?rest_route=%2Fwp%2Fv2%2Fmedia&parent=350"}],"curies":[{"name":"wp","href":"https:\/\/api.w.org\/{rel}","templated":true}]}}