{"id":399,"date":"2025-12-12T00:08:38","date_gmt":"2025-12-12T00:08:38","guid":{"rendered":"https:\/\/new.parafiajablonna.info\/?page_id=399"},"modified":"2025-12-12T00:13:11","modified_gmt":"2025-12-12T00:13:11","slug":"msza-i-nabozenstwa","status":"publish","type":"page","link":"https:\/\/new.parafiajablonna.info\/?page_id=399","title":{"rendered":"Msza i nabo\u017ce\u0144stwa"},"content":{"rendered":"\n<h2 class=\"wp-block-heading\">Porz\u0105dek Mszy \u015bwi\u0119tych<\/h2>\n\n\n\n<p><strong>Niedziela <\/strong><br>7:00, 8:30, 10:00, 11:30(z udzia\u0142em dzieci), 13:00, 18:00<\/p>\n\n\n\n<p><strong>Dni powszednie<\/strong><br>7:00, 7.30 i 18:00<\/p>\n\n\n\n<p>Spowied\u017a podczas ka\u017cdej Mszy \u015bwi\u0119tej lub bezpo\u015brednio przed.<\/p>\n\n\n\n<h2 class=\"wp-block-heading\">Nabo\u017ce\u0144stwa<\/h2>\n\n\n\n<p>Nabo\u017ce\u0144stwo do Matki Bo\u017cej Nieustaj\u0105cej Pomocy w \u015brody na Mszy \u015aw. o godzinie 18:00.<br>W pa\u017adzierniku r\u00f3\u017caniec codziennie o godzinie 17:15 przed wystawionym Naj\u015bwi\u0119tszym Sakramentem.<\/p>\n\n\n\n<h2 class=\"wp-block-heading\">Adoracja Naj\u015bwi\u0119tszego Sakramentu<\/h2>\n\n\n\n<p>Adoracja w ka\u017cdy czwartek po wieczornej Mszy \u015awi\u0119tej do godz. 20:00.<\/p>\n","protected":false},"excerpt":{"rendered":"<p>Porz\u0105dek Mszy \u015bwi\u0119tych Niedziela 7:00, 8:30, 10:00, 11:30(z udzia\u0142em dzieci), 13:00, 18:00 Dni powszednie7:00, 7.30 i 18:00 Spowied\u017a podczas ka\u017cdej [&hellip;]<\/p>\n","protected":false},"author":1,"featured_media":0,"parent":0,"menu_order":0,"comment_status":"closed","ping_status":"closed","template":"","meta":{"_acf_changed":false,"site-sidebar-layout":"default","site-content-layout":"","ast-site-content-layout":"default","site-content-style":"default","site-sidebar-style":"default","ast-global-header-display":"","ast-banner-title-visibility":"","ast-main-header-display":"","ast-hfb-above-header-display":"","ast-hfb-below-header-display":"","ast-hfb-mobile-header-display":"","site-post-title":"","ast-breadcrumbs-content":"","ast-featured-img":"","footer-sml-layout":"","ast-disable-related-posts":"","theme-transparent-header-meta":"","adv-header-id-meta":"","stick-header-meta":"","header-above-stick-meta":"","header-main-stick-meta":"","header-below-stick-meta":"","astra-migrate-meta-layouts":"default","ast-page-background-enabled":"default","ast-page-background-meta":{"desktop":{"background-color":"var(--ast-global-color-5)","background-image":"","background-repeat":"repeat","background-position":"center center","background-size":"auto","background-attachment":"scroll","background-type":"","background-media":"","overlay-type":"","overlay-color":"","overlay-opacity":"","overlay-gradient":""},"tablet":{"background-color":"","background-image":"","background-repeat":"repeat","background-position":"center center","background-size":"auto","background-attachment":"scroll","background-type":"","background-media":"","overlay-type":"","overlay-color":"","overlay-opacity":"","overlay-gradient":""},"mobile":{"background-color":"","background-image":"","background-repeat":"repeat","background-position":"center center","background-size":"auto","background-attachment":"scroll","background-type":"","background-media":"","overlay-type":"","overlay-color":"","overlay-opacity":"","overlay-gradient":""}},"ast-content-background-meta":{"desktop":{"background-color":"var(--ast-global-color-4)","background-image":"","background-repeat":"repeat","background-position":"center center","background-size":"auto","background-attachment":"scroll","background-type":"","background-media":"","overlay-type":"","overlay-color":"","overlay-opacity":"","overlay-gradient":""},"tablet":{"background-color":"var(--ast-global-color-4)","background-image":"","background-repeat":"repeat","background-position":"center center","background-size":"auto","background-attachment":"scroll","background-type":"","background-media":"","overlay-type":"","overlay-color":"","overlay-opacity":"","overlay-gradient":""},"mobile":{"background-color":"var(--ast-global-color-4)","background-image":"","background-repeat":"repeat","background-position":"center center","background-size":"auto","background-attachment":"scroll","background-type":"","background-media":"","overlay-type":"","overlay-color":"","overlay-opacity":"","overlay-gradient":""}},"footnotes":""},"class_list":["post-399","page","type-page","status-publish","hentry"],"acf":[],"_links":{"self":[{"href":"https:\/\/new.parafiajablonna.info\/index.php?rest_route=\/wp\/v2\/pages\/399","targetHints":{"allow":["GET"]}}],"collection":[{"href":"https:\/\/new.parafiajablonna.info\/index.php?rest_route=\/wp\/v2\/pages"}],"about":[{"href":"https:\/\/new.parafiajablonna.info\/index.php?rest_route=\/wp\/v2\/types\/page"}],"author":[{"embeddable":true,"href":"https:\/\/new.parafiajablonna.info\/index.php?rest_route=\/wp\/v2\/users\/1"}],"replies":[{"embeddable":true,"href":"https:\/\/new.parafiajablonna.info\/index.php?rest_route=%2Fwp%2Fv2%2Fcomments&post=399"}],"version-history":[{"count":3,"href":"https:\/\/new.parafiajablonna.info\/index.php?rest_route=\/wp\/v2\/pages\/399\/revisions"}],"predecessor-version":[{"id":403,"href":"https:\/\/new.parafiajablonna.info\/index.php?rest_route=\/wp\/v2\/pages\/399\/revisions\/403"}],"wp:attachment":[{"href":"https:\/\/new.parafiajablonna.info\/index.php?rest_route=%2Fwp%2Fv2%2Fmedia&parent=399"}],"curies":[{"name":"wp","href":"https:\/\/api.w.org\/{rel}","templated":true}]}}